{"id":126,"date":"2020-05-19T12:25:22","date_gmt":"2020-05-19T12:25:22","guid":{"rendered":"https:\/\/www.aveliosgroup.com\/?page_id=126"},"modified":"2025-11-06T11:57:38","modified_gmt":"2025-11-06T11:57:38","slug":"what-we-do","status":"publish","type":"page","link":"https:\/\/www.aveliosgroup.com\/de\/was-wir-tun\/","title":{"rendered":"Was wir tun"},"content":{"rendered":"<div data-elementor-type=\"wp-page\" data-elementor-id=\"126\" class=\"elementor elementor-126\" data-elementor-post-type=\"page\">\n\t\t\t\t\t\t<section class=\"elementor-section elementor-top-section elementor-element elementor-element-433238bc elementor-section-stretched elementor-section-height-min-height elementor-section-content-middle elementor-section-boxed elementor-section-height-default elementor-section-items-middle\" data-id=\"433238bc\" data-element_type=\"section\" data-e-type=\"section\" data-settings=\"{&quot;stretch_section&quot;:&quot;section-stretched&quot;,&quot;background_background&quot;:&quot;classic&quot;}\">\n\t\t\t\t\t\t\t<div class=\"elementor-background-overlay\"><\/div>\n\t\t\t\t\t\t\t<div class=\"elementor-container elementor-column-gap-default\">\n\t\t\t\t\t<div class=\"elementor-column elementor-col-100 elementor-top-column elementor-element elementor-element-31f120b0\" data-id=\"31f120b0\" data-element_type=\"column\" data-e-type=\"column\">\n\t\t\t<div class=\"elementor-widget-wrap elementor-element-populated\">\n\t\t\t\t\t\t<div class=\"elementor-element elementor-element-188c0f7c elementor-widget elementor-widget-heading\" data-id=\"188c0f7c\" data-element_type=\"widget\" data-e-type=\"widget\" data-widget_type=\"heading.default\">\n\t\t\t\t<div class=\"elementor-widget-container\">\n\t\t\t\t\t<h1 class=\"elementor-heading-title elementor-size-default\">What We Do: Providing Access to High-Quality Alternative Investments<\/h1>\t\t\t\t<\/div>\n\t\t\t\t<\/div>\n\t\t\t\t<div class=\"elementor-element elementor-element-7bbae5bf elementor-widget-divider--view-line elementor-widget elementor-widget-divider\" data-id=\"7bbae5bf\" data-element_type=\"widget\" data-e-type=\"widget\" data-widget_type=\"divider.default\">\n\t\t\t\t<div class=\"elementor-widget-container\">\n\t\t\t\t\t\t\t<div class=\"elementor-divider\">\n\t\t\t<span class=\"elementor-divider-separator\">\n\t\t\t\t\t\t<\/span>\n\t\t<\/div>\n\t\t\t\t\t\t<\/div>\n\t\t\t\t<\/div>\n\t\t\t\t\t<\/div>\n\t\t<\/div>\n\t\t\t\t\t<\/div>\n\t\t<\/section>\n\t\t\t\t<section class=\"elementor-section elementor-top-section elementor-element elementor-element-b9e8d8b elementor-section-height-min-height elementor-section-boxed elementor-section-height-default elementor-section-items-middle\" data-id=\"b9e8d8b\" data-element_type=\"section\" data-e-type=\"section\" data-settings=\"{&quot;background_background&quot;:&quot;classic&quot;}\">\n\t\t\t\t\t\t<div class=\"elementor-container elementor-column-gap-default\">\n\t\t\t\t\t<div class=\"elementor-column elementor-col-100 elementor-top-column elementor-element elementor-element-6e723f36\" data-id=\"6e723f36\" data-element_type=\"column\" data-e-type=\"column\">\n\t\t\t<div class=\"elementor-widget-wrap elementor-element-populated\">\n\t\t\t\t\t\t<div class=\"elementor-element elementor-element-4b1845bd elementor-widget elementor-widget-text-editor\" data-id=\"4b1845bd\" data-element_type=\"widget\" data-e-type=\"widget\" data-widget_type=\"text-editor.default\">\n\t\t\t\t<div class=\"elementor-widget-container\">\n\t\t\t\t\t\t\t\t\tAvelios unters\u00fctzt Investoren durch ein tiefgreifendes Netzwerk, bei der Suche nach qualitativ hochwertigen und risikoarmen Anlagen\t\t\t\t\t\t\t\t<\/div>\n\t\t\t\t<\/div>\n\t\t\t\t\t<\/div>\n\t\t<\/div>\n\t\t\t\t\t<\/div>\n\t\t<\/section>\n\t\t\t\t<section class=\"elementor-section elementor-top-section elementor-element elementor-element-ed95186 elementor-section-boxed elementor-section-height-default elementor-section-height-default\" data-id=\"ed95186\" data-element_type=\"section\" data-e-type=\"section\">\n\t\t\t\t\t\t<div class=\"elementor-container elementor-column-gap-default\">\n\t\t\t\t\t<div class=\"elementor-column elementor-col-100 elementor-top-column elementor-element elementor-element-426ed70\" data-id=\"426ed70\" data-element_type=\"column\" data-e-type=\"column\">\n\t\t\t<div class=\"elementor-widget-wrap elementor-element-populated\">\n\t\t\t\t\t\t<div class=\"elementor-element elementor-element-4f760f06 elementor-widget elementor-widget-heading\" data-id=\"4f760f06\" data-element_type=\"widget\" data-e-type=\"widget\" data-widget_type=\"heading.default\">\n\t\t\t\t<div class=\"elementor-widget-container\">\n\t\t\t\t\t<p class=\"elementor-heading-title elementor-size-default\">Unsere Partnerschaften<\/p>\t\t\t\t<\/div>\n\t\t\t\t<\/div>\n\t\t\t\t<div class=\"elementor-element elementor-element-1199717 elementor-widget elementor-widget-image\" data-id=\"1199717\" data-element_type=\"widget\" data-e-type=\"widget\" data-widget_type=\"image.default\">\n\t\t\t\t<div class=\"elementor-widget-container\">\n\t\t\t\t\t\t\t\t\t\t\t\t\t\t\t<img fetchpriority=\"high\" decoding=\"async\" width=\"800\" height=\"472\" src=\"https:\/\/www.aveliosgroup.com\/wp-content\/uploads\/2020\/08\/Avelios-diagram_v2.png\" class=\"attachment-large size-large wp-image-377\" alt=\"Avelios Beehive\" srcset=\"https:\/\/www.aveliosgroup.com\/wp-content\/uploads\/2020\/08\/Avelios-diagram_v2.png 850w, https:\/\/www.aveliosgroup.com\/wp-content\/uploads\/2020\/08\/Avelios-diagram_v2-300x177.png 300w, https:\/\/www.aveliosgroup.com\/wp-content\/uploads\/2020\/08\/Avelios-diagram_v2-768x454.png 768w\" sizes=\"(max-width: 800px) 100vw, 800px\" \/>\t\t\t\t\t\t\t\t\t\t\t\t\t\t\t<\/div>\n\t\t\t\t<\/div>\n\t\t\t\t\t<\/div>\n\t\t<\/div>\n\t\t\t\t\t<\/div>\n\t\t<\/section>\n\t\t\t\t<section class=\"elementor-section elementor-top-section elementor-element elementor-element-5161e82 elementor-section-boxed elementor-section-height-default elementor-section-height-default\" data-id=\"5161e82\" data-element_type=\"section\" data-e-type=\"section\">\n\t\t\t\t\t\t<div class=\"elementor-container elementor-column-gap-default\">\n\t\t\t\t\t<div class=\"elementor-column elementor-col-100 elementor-top-column elementor-element elementor-element-ec578e8\" data-id=\"ec578e8\" data-element_type=\"column\" data-e-type=\"column\">\n\t\t\t<div class=\"elementor-widget-wrap elementor-element-populated\">\n\t\t\t\t\t\t<div class=\"elementor-element elementor-element-bece65d elementor-widget elementor-widget-text-editor\" data-id=\"bece65d\" data-element_type=\"widget\" data-e-type=\"widget\" data-widget_type=\"text-editor.default\">\n\t\t\t\t<div class=\"elementor-widget-container\">\n\t\t\t\t\t\t\t\t\t<p>Avelios hat laufend Zugriff auf eine Vielzahl an Off-Market Transaktionen, die sich durch ein hohes Ma\u00df an Transaktionssicherheit auszeichnen. Diese Kan\u00e4le wurden in jahrelanger enger Zusammenarbeit mit Eigent\u00fcmern, professionellen Beratern, Betreibern und Finanzierungspartnern aufgebaut.<\/p><p>Diese starken Beziehungen verschafft unseren Partner Zugang zu Verm\u00f6genswerten die nur selten ver\u00e4u\u00dfert werden und gew\u00e4hrleistet damit attraktive Einstiegspreise f\u00fcr jedes von uns verfolgte Investment.<\/p><p>Unser Schwerpunkt liegt auf Investitionen in den liquidesten Teilm\u00e4rkten von Westeuropa. Die Transaktionen sind in der Regel sachwertunterlegt mit einem Volumen zwischen 20 und 200 Mio. \u20ac. Um den optimalen Einsteigzeitpunkt bei jedem Investment zu erm\u00f6glichen, nutzen wir die gesamte Kapitalstruktur (Eigenkapital, Fremdkapital).<\/p><p>Avelios is active in the real estate (residential, student housing office, industrial\/logistics), data centre, industrials, shipping and infrastructure sectors. Our typical business model is to work on a joint venture basis with one, or more, capital partners.<\/p>\t\t\t\t\t\t\t\t<\/div>\n\t\t\t\t<\/div>\n\t\t\t\t\t<\/div>\n\t\t<\/div>\n\t\t\t\t\t<\/div>\n\t\t<\/section>\n\t\t\t\t<section class=\"elementor-section elementor-top-section elementor-element elementor-element-21cec60 elementor-section-boxed elementor-section-height-default elementor-section-height-default\" data-id=\"21cec60\" data-element_type=\"section\" data-e-type=\"section\" data-settings=\"{&quot;background_background&quot;:&quot;classic&quot;}\">\n\t\t\t\t\t\t<div class=\"elementor-container elementor-column-gap-default\">\n\t\t\t\t\t<div class=\"elementor-column elementor-col-100 elementor-top-column elementor-element elementor-element-555bc2a\" data-id=\"555bc2a\" data-element_type=\"column\" data-e-type=\"column\">\n\t\t\t<div class=\"elementor-widget-wrap elementor-element-populated\">\n\t\t\t\t\t\t<div class=\"elementor-element elementor-element-27af934 elementor-widget elementor-widget-heading\" data-id=\"27af934\" data-element_type=\"widget\" data-e-type=\"widget\" data-widget_type=\"heading.default\">\n\t\t\t\t<div class=\"elementor-widget-container\">\n\t\t\t\t\t<h2 class=\"elementor-heading-title elementor-size-default\">Unser Fokus liegt auf dem langfristigen Kapitalerhalt durch nachhaltige Renditen und der Er\u00f6ffnung von Wertsteigerungsoptionen<\/h2>\t\t\t\t<\/div>\n\t\t\t\t<\/div>\n\t\t\t\t\t<\/div>\n\t\t<\/div>\n\t\t\t\t\t<\/div>\n\t\t<\/section>\n\t\t\t\t<section class=\"elementor-section elementor-top-section elementor-element elementor-element-26c1c562 elementor-section-height-min-height elementor-section-boxed elementor-section-height-default elementor-section-items-middle\" data-id=\"26c1c562\" data-element_type=\"section\" data-e-type=\"section\" data-settings=\"{&quot;background_background&quot;:&quot;classic&quot;}\">\n\t\t\t\t\t\t\t<div class=\"elementor-background-overlay\"><\/div>\n\t\t\t\t\t\t\t<div class=\"elementor-container elementor-column-gap-default\">\n\t\t\t\t\t<div class=\"elementor-column elementor-col-100 elementor-top-column elementor-element elementor-element-45198bf0\" data-id=\"45198bf0\" data-element_type=\"column\" data-e-type=\"column\">\n\t\t\t<div class=\"elementor-widget-wrap elementor-element-populated\">\n\t\t\t\t\t\t<div class=\"elementor-element elementor-element-490db55 elementor-widget elementor-widget-heading\" data-id=\"490db55\" data-element_type=\"widget\" data-e-type=\"widget\" data-widget_type=\"heading.default\">\n\t\t\t\t<div class=\"elementor-widget-container\">\n\t\t\t\t\t<p class=\"elementor-heading-title elementor-size-default\">\u00dcber Avelios<\/p>\t\t\t\t<\/div>\n\t\t\t\t<\/div>\n\t\t\t\t<div class=\"elementor-element elementor-element-41729ff4 elementor-align-center elementor-widget elementor-widget-button\" data-id=\"41729ff4\" data-element_type=\"widget\" data-e-type=\"widget\" data-widget_type=\"button.default\">\n\t\t\t\t<div class=\"elementor-widget-container\">\n\t\t\t\t\t\t\t\t\t<div class=\"elementor-button-wrapper\">\n\t\t\t\t\t<a class=\"elementor-button elementor-button-link elementor-size-lg\" href=\"https:\/\/www.aveliosgroup.com\/de\/uber-uns\/\">\n\t\t\t\t\t\t<span class=\"elementor-button-content-wrapper\">\n\t\t\t\t\t\t\t\t\t<span class=\"elementor-button-text\">Mehr erfahren<\/span>\n\t\t\t\t\t<\/span>\n\t\t\t\t\t<\/a>\n\t\t\t\t<\/div>\n\t\t\t\t\t\t\t\t<\/div>\n\t\t\t\t<\/div>\n\t\t\t\t\t<\/div>\n\t\t<\/div>\n\t\t\t\t\t<\/div>\n\t\t<\/section>\n\t\t\t\t<\/div>","protected":false},"excerpt":{"rendered":"<p>What We Do: Providing Access to High-Quality Alternative Investments Through our exceptional partner network, Avelios opens up the floor to investors looking for premium quality, low-risk avenues to success Our Partner Network Avelios has ongoing access to reliable off-market transactions with a high execution probability. These channels have been established after many years of close [&hellip;]<\/p>","protected":false},"author":2,"featured_media":0,"parent":0,"menu_order":0,"comment_status":"closed","ping_status":"closed","template":"","meta":{"footnotes":"","_links_to":"","_links_to_target":""},"class_list":["post-126","page","type-page","status-publish","hentry"],"yoast_head":"<!-- This site is optimized with the Yoast SEO plugin v27.5 - https:\/\/yoast.com\/product\/yoast-seo-wordpress\/ -->\n<title>What we do - Avelios<\/title>\n<meta name=\"robots\" content=\"index, follow, max-snippet:-1, max-image-preview:large, max-video-preview:-1\" \/>\n<link rel=\"canonical\" href=\"https:\/\/www.aveliosgroup.com\/de\/was-wir-tun\/\" \/>\n<meta property=\"og:locale\" content=\"de_DE\" \/>\n<meta property=\"og:type\" content=\"article\" \/>\n<meta property=\"og:title\" content=\"What we do - Avelios\" \/>\n<meta property=\"og:description\" content=\"What We Do: Providing Access to High-Quality Alternative Investments Through our exceptional partner network, Avelios opens up the floor to investors looking for premium quality, low-risk avenues to success Our Partner Network Avelios has ongoing access to reliable off-market transactions with a high execution probability. These channels have been established after many years of close [&hellip;]\" \/>\n<meta property=\"og:url\" content=\"https:\/\/www.aveliosgroup.com\/de\/was-wir-tun\/\" \/>\n<meta property=\"og:site_name\" content=\"Avelios\" \/>\n<meta property=\"article:modified_time\" content=\"2025-11-06T11:57:38+00:00\" \/>\n<meta property=\"og:image\" content=\"https:\/\/www.aveliosgroup.com\/wp-content\/uploads\/2020\/08\/Avelios-diagram_v2.png\" \/>\n\t<meta property=\"og:image:width\" content=\"850\" \/>\n\t<meta property=\"og:image:height\" content=\"502\" \/>\n\t<meta property=\"og:image:type\" content=\"image\/png\" \/>\n<meta name=\"twitter:card\" content=\"summary_large_image\" \/>\n<meta name=\"twitter:label1\" content=\"Gesch\u00e4tzte Lesezeit\" \/>\n\t<meta name=\"twitter:data1\" content=\"2\u00a0Minuten\" \/>\n<script type=\"application\/ld+json\" class=\"yoast-schema-graph\">{\"@context\":\"https:\\\/\\\/schema.org\",\"@graph\":[{\"@type\":\"WebPage\",\"@id\":\"https:\\\/\\\/www.aveliosgroup.com\\\/what-we-do\\\/\",\"url\":\"https:\\\/\\\/www.aveliosgroup.com\\\/what-we-do\\\/\",\"name\":\"What we do - Avelios\",\"isPartOf\":{\"@id\":\"https:\\\/\\\/www.aveliosgroup.com\\\/#website\"},\"primaryImageOfPage\":{\"@id\":\"https:\\\/\\\/www.aveliosgroup.com\\\/what-we-do\\\/#primaryimage\"},\"image\":{\"@id\":\"https:\\\/\\\/www.aveliosgroup.com\\\/what-we-do\\\/#primaryimage\"},\"thumbnailUrl\":\"https:\\\/\\\/www.aveliosgroup.com\\\/wp-content\\\/uploads\\\/2020\\\/08\\\/Avelios-diagram_v2.png\",\"datePublished\":\"2020-05-19T12:25:22+00:00\",\"dateModified\":\"2025-11-06T11:57:38+00:00\",\"breadcrumb\":{\"@id\":\"https:\\\/\\\/www.aveliosgroup.com\\\/what-we-do\\\/#breadcrumb\"},\"inLanguage\":\"de\",\"potentialAction\":[{\"@type\":\"ReadAction\",\"target\":[\"https:\\\/\\\/www.aveliosgroup.com\\\/what-we-do\\\/\"]}]},{\"@type\":\"ImageObject\",\"inLanguage\":\"de\",\"@id\":\"https:\\\/\\\/www.aveliosgroup.com\\\/what-we-do\\\/#primaryimage\",\"url\":\"https:\\\/\\\/www.aveliosgroup.com\\\/wp-content\\\/uploads\\\/2020\\\/08\\\/Avelios-diagram_v2.png\",\"contentUrl\":\"https:\\\/\\\/www.aveliosgroup.com\\\/wp-content\\\/uploads\\\/2020\\\/08\\\/Avelios-diagram_v2.png\"},{\"@type\":\"BreadcrumbList\",\"@id\":\"https:\\\/\\\/www.aveliosgroup.com\\\/what-we-do\\\/#breadcrumb\",\"itemListElement\":[{\"@type\":\"ListItem\",\"position\":1,\"name\":\"Home\",\"item\":\"https:\\\/\\\/www.aveliosgroup.com\\\/\"},{\"@type\":\"ListItem\",\"position\":2,\"name\":\"What we do\"}]},{\"@type\":\"WebSite\",\"@id\":\"https:\\\/\\\/www.aveliosgroup.com\\\/#website\",\"url\":\"https:\\\/\\\/www.aveliosgroup.com\\\/\",\"name\":\"Avelios\",\"description\":\"Alternative Investements\",\"potentialAction\":[{\"@type\":\"SearchAction\",\"target\":{\"@type\":\"EntryPoint\",\"urlTemplate\":\"https:\\\/\\\/www.aveliosgroup.com\\\/?s={search_term_string}\"},\"query-input\":{\"@type\":\"PropertyValueSpecification\",\"valueRequired\":true,\"valueName\":\"search_term_string\"}}],\"inLanguage\":\"de\"}]}<\/script>\n<!-- \/ Yoast SEO plugin. -->","yoast_head_json":{"title":"Was wir tun - Avelios","robots":{"index":"index","follow":"follow","max-snippet":"max-snippet:-1","max-image-preview":"max-image-preview:large","max-video-preview":"max-video-preview:-1"},"canonical":"https:\/\/www.aveliosgroup.com\/de\/was-wir-tun\/","og_locale":"de_DE","og_type":"article","og_title":"What we do - Avelios","og_description":"What We Do: Providing Access to High-Quality Alternative Investments Through our exceptional partner network, Avelios opens up the floor to investors looking for premium quality, low-risk avenues to success Our Partner Network Avelios has ongoing access to reliable off-market transactions with a high execution probability. These channels have been established after many years of close [&hellip;]","og_url":"https:\/\/www.aveliosgroup.com\/de\/was-wir-tun\/","og_site_name":"Avelios","article_modified_time":"2025-11-06T11:57:38+00:00","og_image":[{"width":850,"height":502,"url":"https:\/\/www.aveliosgroup.com\/wp-content\/uploads\/2020\/08\/Avelios-diagram_v2.png","type":"image\/png"}],"twitter_card":"summary_large_image","twitter_misc":{"Gesch\u00e4tzte Lesezeit":"2\u00a0Minuten"},"schema":{"@context":"https:\/\/schema.org","@graph":[{"@type":"WebPage","@id":"https:\/\/www.aveliosgroup.com\/what-we-do\/","url":"https:\/\/www.aveliosgroup.com\/what-we-do\/","name":"Was wir tun - Avelios","isPartOf":{"@id":"https:\/\/www.aveliosgroup.com\/#website"},"primaryImageOfPage":{"@id":"https:\/\/www.aveliosgroup.com\/what-we-do\/#primaryimage"},"image":{"@id":"https:\/\/www.aveliosgroup.com\/what-we-do\/#primaryimage"},"thumbnailUrl":"https:\/\/www.aveliosgroup.com\/wp-content\/uploads\/2020\/08\/Avelios-diagram_v2.png","datePublished":"2020-05-19T12:25:22+00:00","dateModified":"2025-11-06T11:57:38+00:00","breadcrumb":{"@id":"https:\/\/www.aveliosgroup.com\/what-we-do\/#breadcrumb"},"inLanguage":"de","potentialAction":[{"@type":"ReadAction","target":["https:\/\/www.aveliosgroup.com\/what-we-do\/"]}]},{"@type":"ImageObject","inLanguage":"de","@id":"https:\/\/www.aveliosgroup.com\/what-we-do\/#primaryimage","url":"https:\/\/www.aveliosgroup.com\/wp-content\/uploads\/2020\/08\/Avelios-diagram_v2.png","contentUrl":"https:\/\/www.aveliosgroup.com\/wp-content\/uploads\/2020\/08\/Avelios-diagram_v2.png"},{"@type":"BreadcrumbList","@id":"https:\/\/www.aveliosgroup.com\/what-we-do\/#breadcrumb","itemListElement":[{"@type":"ListItem","position":1,"name":"Home","item":"https:\/\/www.aveliosgroup.com\/"},{"@type":"ListItem","position":2,"name":"What we do"}]},{"@type":"WebSite","@id":"https:\/\/www.aveliosgroup.com\/#website","url":"https:\/\/www.aveliosgroup.com\/","name":"Avelios","description":"Alternative Investements","potentialAction":[{"@type":"SearchAction","target":{"@type":"EntryPoint","urlTemplate":"https:\/\/www.aveliosgroup.com\/?s={search_term_string}"},"query-input":{"@type":"PropertyValueSpecification","valueRequired":true,"valueName":"search_term_string"}}],"inLanguage":"de"}]}},"_links":{"self":[{"href":"https:\/\/www.aveliosgroup.com\/de\/wp-json\/wp\/v2\/pages\/126","targetHints":{"allow":["GET"]}}],"collection":[{"href":"https:\/\/www.aveliosgroup.com\/de\/wp-json\/wp\/v2\/pages"}],"about":[{"href":"https:\/\/www.aveliosgroup.com\/de\/wp-json\/wp\/v2\/types\/page"}],"author":[{"embeddable":true,"href":"https:\/\/www.aveliosgroup.com\/de\/wp-json\/wp\/v2\/users\/2"}],"replies":[{"embeddable":true,"href":"https:\/\/www.aveliosgroup.com\/de\/wp-json\/wp\/v2\/comments?post=126"}],"version-history":[{"count":56,"href":"https:\/\/www.aveliosgroup.com\/de\/wp-json\/wp\/v2\/pages\/126\/revisions"}],"predecessor-version":[{"id":1371,"href":"https:\/\/www.aveliosgroup.com\/de\/wp-json\/wp\/v2\/pages\/126\/revisions\/1371"}],"wp:attachment":[{"href":"https:\/\/www.aveliosgroup.com\/de\/wp-json\/wp\/v2\/media?parent=126"}],"curies":[{"name":"wp","href":"https:\/\/api.w.org\/{rel}","templated":true}]}}