{"id":139,"date":"2020-05-19T13:17:29","date_gmt":"2020-05-19T13:17:29","guid":{"rendered":"https:\/\/www.aveliosgroup.com\/?page_id=139"},"modified":"2025-11-11T14:06:04","modified_gmt":"2025-11-11T14:06:04","slug":"people","status":"publish","type":"page","link":"https:\/\/www.aveliosgroup.com\/de\/unser-team\/","title":{"rendered":"Unser Team"},"content":{"rendered":"<div data-elementor-type=\"wp-page\" data-elementor-id=\"139\" class=\"elementor elementor-139\" data-elementor-post-type=\"page\">\n\t\t\t\t\t\t<section class=\"elementor-section elementor-top-section elementor-element elementor-element-3dd356b5 elementor-section-stretched elementor-section-height-min-height elementor-section-content-middle elementor-section-boxed elementor-section-height-default elementor-section-items-middle\" data-id=\"3dd356b5\" data-element_type=\"section\" data-e-type=\"section\" data-settings=\"{&quot;stretch_section&quot;:&quot;section-stretched&quot;,&quot;background_background&quot;:&quot;classic&quot;}\">\n\t\t\t\t\t\t\t<div class=\"elementor-background-overlay\"><\/div>\n\t\t\t\t\t\t\t<div class=\"elementor-container elementor-column-gap-default\">\n\t\t\t\t\t<div class=\"elementor-column elementor-col-100 elementor-top-column elementor-element elementor-element-54c457a8\" data-id=\"54c457a8\" data-element_type=\"column\" data-e-type=\"column\">\n\t\t\t<div class=\"elementor-widget-wrap elementor-element-populated\">\n\t\t\t\t\t\t<div class=\"elementor-element elementor-element-6fdeb950 elementor-widget elementor-widget-heading\" data-id=\"6fdeb950\" data-element_type=\"widget\" data-e-type=\"widget\" data-widget_type=\"heading.default\">\n\t\t\t\t<div class=\"elementor-widget-container\">\n\t\t\t\t\t<h1 class=\"elementor-heading-title elementor-size-default\">Unser Team<\/h1>\t\t\t\t<\/div>\n\t\t\t\t<\/div>\n\t\t\t\t<div class=\"elementor-element elementor-element-77b9dd63 elementor-widget-divider--view-line elementor-widget elementor-widget-divider\" data-id=\"77b9dd63\" data-element_type=\"widget\" data-e-type=\"widget\" data-widget_type=\"divider.default\">\n\t\t\t\t<div class=\"elementor-widget-container\">\n\t\t\t\t\t\t\t<div class=\"elementor-divider\">\n\t\t\t<span class=\"elementor-divider-separator\">\n\t\t\t\t\t\t<\/span>\n\t\t<\/div>\n\t\t\t\t\t\t<\/div>\n\t\t\t\t<\/div>\n\t\t\t\t\t<\/div>\n\t\t<\/div>\n\t\t\t\t\t<\/div>\n\t\t<\/section>\n\t\t\t\t<section class=\"elementor-section elementor-top-section elementor-element elementor-element-5675c550 elementor-section-height-min-height elementor-section-boxed elementor-section-height-default elementor-section-items-middle\" data-id=\"5675c550\" data-element_type=\"section\" data-e-type=\"section\" data-settings=\"{&quot;background_background&quot;:&quot;classic&quot;}\">\n\t\t\t\t\t\t<div class=\"elementor-container elementor-column-gap-default\">\n\t\t\t\t\t<div class=\"elementor-column elementor-col-100 elementor-top-column elementor-element elementor-element-169afe9\" data-id=\"169afe9\" data-element_type=\"column\" data-e-type=\"column\">\n\t\t\t<div class=\"elementor-widget-wrap elementor-element-populated\">\n\t\t\t\t\t\t<div class=\"elementor-element elementor-element-7d5857ce elementor-widget elementor-widget-heading\" data-id=\"7d5857ce\" data-element_type=\"widget\" data-e-type=\"widget\" data-widget_type=\"heading.default\">\n\t\t\t\t<div class=\"elementor-widget-container\">\n\t\t\t\t\t<p class=\"elementor-heading-title elementor-size-default\">Unser Team bei Avelios verf\u00fcgt zusammen \u00fcber mehr als 100 Jahre Anlageerfahrung und ist durch eine Leidenschaft f\u00fcr herausragenden Service und einen unternehmerischen Ansatz f\u00fcr Investitionen vereint<\/p>\t\t\t\t<\/div>\n\t\t\t\t<\/div>\n\t\t\t\t\t<\/div>\n\t\t<\/div>\n\t\t\t\t\t<\/div>\n\t\t<\/section>\n\t\t\t\t<section class=\"elementor-section elementor-top-section elementor-element elementor-element-7fa048cc elementor-section-boxed elementor-section-height-default elementor-section-height-default\" data-id=\"7fa048cc\" data-element_type=\"section\" data-e-type=\"section\">\n\t\t\t\t\t\t<div class=\"elementor-container elementor-column-gap-default\">\n\t\t\t\t\t<div class=\"elementor-column elementor-col-50 elementor-top-column elementor-element elementor-element-5a6c32f\" data-id=\"5a6c32f\" data-element_type=\"column\" data-e-type=\"column\">\n\t\t\t<div class=\"elementor-widget-wrap elementor-element-populated\">\n\t\t\t\t\t\t<div class=\"elementor-element elementor-element-0b297d0 elementor-widget elementor-widget-image\" data-id=\"0b297d0\" data-element_type=\"widget\" data-e-type=\"widget\" data-widget_type=\"image.default\">\n\t\t\t\t<div class=\"elementor-widget-container\">\n\t\t\t\t\t\t\t\t\t\t\t\t\t\t\t<img fetchpriority=\"high\" decoding=\"async\" width=\"298\" height=\"328\" src=\"https:\/\/www.aveliosgroup.com\/wp-content\/uploads\/2020\/05\/Matthias-Luecker-Executive-Director.jpg\" class=\"attachment-full size-full wp-image-144\" alt=\"\" srcset=\"https:\/\/www.aveliosgroup.com\/wp-content\/uploads\/2020\/05\/Matthias-Luecker-Executive-Director.jpg 298w, https:\/\/www.aveliosgroup.com\/wp-content\/uploads\/2020\/05\/Matthias-Luecker-Executive-Director-273x300.jpg 273w\" sizes=\"(max-width: 298px) 100vw, 298px\" \/>\t\t\t\t\t\t\t\t\t\t\t\t\t\t\t<\/div>\n\t\t\t\t<\/div>\n\t\t\t\t\t<\/div>\n\t\t<\/div>\n\t\t\t\t<div class=\"elementor-column elementor-col-50 elementor-top-column elementor-element elementor-element-6786d0b\" data-id=\"6786d0b\" data-element_type=\"column\" data-e-type=\"column\">\n\t\t\t<div class=\"elementor-widget-wrap elementor-element-populated\">\n\t\t\t\t\t\t<div class=\"elementor-element elementor-element-6ddc8b2b elementor-widget elementor-widget-text-editor\" data-id=\"6ddc8b2b\" data-element_type=\"widget\" data-e-type=\"widget\" data-widget_type=\"text-editor.default\">\n\t\t\t\t<div class=\"elementor-widget-container\">\n\t\t\t\t\t\t\t\t\t<p>Matthias Luecker \u2013 Chairman<\/p>\t\t\t\t\t\t\t\t<\/div>\n\t\t\t\t<\/div>\n\t\t\t\t<div class=\"elementor-element elementor-element-3a1a3f0 elementor-widget elementor-widget-text-editor\" data-id=\"3a1a3f0\" data-element_type=\"widget\" data-e-type=\"widget\" data-widget_type=\"text-editor.default\">\n\t\t\t\t<div class=\"elementor-widget-container\">\n\t\t\t\t\t\t\t\t\t<p>Matthias Luecker is Chairman and Founder of Avelios, as well as Founder, Chairman and CEO of its sister companies, FREO Group and DC Max.<\/p><p>Matthias verf\u00fcgt \u00fcber mehr als 20 Jahre Erfahrung in den Bereichen Immobilieninvestitionen, Finanzierung und Kapitalmarktprodukte. Bevor er 2002 die FREO Group nach einem Management-Buy-Out aus dem Vorg\u00e4ngerunternehmen FERI aufbaute, war er Development Manager bei Tishman Speyer in Berlin, wo er sich auf die Analyse und Konzeption von neuen Projekten konzentrierte.<\/p><p>Zuvor hatte er in verschiedenen Positionen bei der Deutschen Bank in Frankfurt, Tokio und New York Erfahrungen im institutionellen Vertrieb und in der Unternehmensfinanzierung gesammelt.<\/p><p>Matthias holds a business degree (\u201cDiplom-Kaufmann\u201d) from Frankfurt University, has completed the \u2018\u2019Japanese Language Proficiency Test\u201d and is a respected thought leader on commercial real estate, speaking extensively on the topic, including as a lecturer of various classes and programs at Harvard University Graduate School of Design. Matthias is also a philanthropist and co-founder of Dona Agito, which is a charity that promotes and pecializ help for refugees in Germany.<\/p>\t\t\t\t\t\t\t\t<\/div>\n\t\t\t\t<\/div>\n\t\t\t\t\t<\/div>\n\t\t<\/div>\n\t\t\t\t\t<\/div>\n\t\t<\/section>\n\t\t\t\t<section class=\"elementor-section elementor-top-section elementor-element elementor-element-93785a5 elementor-section-boxed elementor-section-height-default elementor-section-height-default\" data-id=\"93785a5\" data-element_type=\"section\" data-e-type=\"section\">\n\t\t\t\t\t\t<div class=\"elementor-container elementor-column-gap-default\">\n\t\t\t\t\t<div class=\"elementor-column elementor-col-50 elementor-top-column elementor-element elementor-element-f2b5f76\" data-id=\"f2b5f76\" data-element_type=\"column\" data-e-type=\"column\">\n\t\t\t<div class=\"elementor-widget-wrap elementor-element-populated\">\n\t\t\t\t\t\t<div class=\"elementor-element elementor-element-1e89717 elementor-widget elementor-widget-image\" data-id=\"1e89717\" data-element_type=\"widget\" data-e-type=\"widget\" data-widget_type=\"image.default\">\n\t\t\t\t<div class=\"elementor-widget-container\">\n\t\t\t\t\t\t\t\t\t\t\t\t\t\t\t<img decoding=\"async\" width=\"298\" height=\"328\" src=\"https:\/\/www.aveliosgroup.com\/wp-content\/uploads\/2020\/05\/Duncan-Souster-CEO.jpg\" class=\"attachment-full size-full wp-image-141\" alt=\"Duncan Souster\" srcset=\"https:\/\/www.aveliosgroup.com\/wp-content\/uploads\/2020\/05\/Duncan-Souster-CEO.jpg 298w, https:\/\/www.aveliosgroup.com\/wp-content\/uploads\/2020\/05\/Duncan-Souster-CEO-273x300.jpg 273w\" sizes=\"(max-width: 298px) 100vw, 298px\" \/>\t\t\t\t\t\t\t\t\t\t\t\t\t\t\t<\/div>\n\t\t\t\t<\/div>\n\t\t\t\t\t<\/div>\n\t\t<\/div>\n\t\t\t\t<div class=\"elementor-column elementor-col-50 elementor-top-column elementor-element elementor-element-e228404\" data-id=\"e228404\" data-element_type=\"column\" data-e-type=\"column\">\n\t\t\t<div class=\"elementor-widget-wrap elementor-element-populated\">\n\t\t\t\t\t\t<div class=\"elementor-element elementor-element-03c79f5 elementor-widget elementor-widget-text-editor\" data-id=\"03c79f5\" data-element_type=\"widget\" data-e-type=\"widget\" data-widget_type=\"text-editor.default\">\n\t\t\t\t<div class=\"elementor-widget-container\">\n\t\t\t\t\t\t\t\t\t<p>Duncan Souster \u2013 Gesch\u00e4ftsf\u00fchrer, Vereinigtes K\u00f6nigreich<\/p>\t\t\t\t\t\t\t\t<\/div>\n\t\t\t\t<\/div>\n\t\t\t\t<div class=\"elementor-element elementor-element-6c3138f elementor-widget elementor-widget-text-editor\" data-id=\"6c3138f\" data-element_type=\"widget\" data-e-type=\"widget\" data-widget_type=\"text-editor.default\">\n\t\t\t\t<div class=\"elementor-widget-container\">\n\t\t\t\t\t\t\t\t\t<p>Duncan ist Gesch\u00e4ftsf\u00fchrer und ein Gr\u00fcndungsmitglied des Avelios-Teams.<\/p><p>Duncan has significant experience working at board level across both the charitable,commercial and financial sectors.<\/p><p>Duncan is a Managinng Director for Avelios sister company, FREO Group,and the former Chief Executive of The Jubilee Sailing Trust, where he led the charity\u2019s international expansion and worked with prominent philanthropists and corporate partners to establish high-impact programmes of work.<\/p><p>Davor war Duncan Global Sales Director bei ManpowerGroup, einem Fortune-500-Unternehmen f\u00fcr Unternehmensdienstleistungen, wo er eine komplexe Umstrukturierung zur Verbesserung des Managements von Gro\u00dfkunden in 86 L\u00e4ndern leitete.<\/p><p>Duncan has a BSc (First Class) from University College London, is Chairman of London Nautical, a City of London Academy, a Development Board Member of British Exploring and a Liveryman of the Worshipful Company of Shipwrights, where he sits on the Fundraising Committee.<\/p>\t\t\t\t\t\t\t\t<\/div>\n\t\t\t\t<\/div>\n\t\t\t\t\t<\/div>\n\t\t<\/div>\n\t\t\t\t\t<\/div>\n\t\t<\/section>\n\t\t\t\t<section class=\"elementor-section elementor-top-section elementor-element elementor-element-215f9bc elementor-section-content-top elementor-section-boxed elementor-section-height-default elementor-section-height-default\" data-id=\"215f9bc\" data-element_type=\"section\" data-e-type=\"section\">\n\t\t\t\t\t\t<div class=\"elementor-container elementor-column-gap-default\">\n\t\t\t\t\t<div class=\"elementor-column elementor-col-50 elementor-top-column elementor-element elementor-element-137408e\" data-id=\"137408e\" data-element_type=\"column\" data-e-type=\"column\">\n\t\t\t<div class=\"elementor-widget-wrap elementor-element-populated\">\n\t\t\t\t\t\t<div class=\"elementor-element elementor-element-cf645f6 elementor-widget elementor-widget-image\" data-id=\"cf645f6\" data-element_type=\"widget\" data-e-type=\"widget\" data-widget_type=\"image.default\">\n\t\t\t\t<div class=\"elementor-widget-container\">\n\t\t\t\t\t\t\t\t\t\t\t\t\t\t\t<img decoding=\"async\" src=\"https:\/\/www.aveliosgroup.com\/wp-content\/uploads\/elementor\/thumbs\/image001-qt1d914shbivuozsjmw0m7onvw3nljmx7mv4luf8ya.jpg\" title=\"image001\" alt=\"image001\" loading=\"lazy\" \/>\t\t\t\t\t\t\t\t\t\t\t\t\t\t\t<\/div>\n\t\t\t\t<\/div>\n\t\t\t\t\t<\/div>\n\t\t<\/div>\n\t\t\t\t<div class=\"elementor-column elementor-col-50 elementor-top-column elementor-element elementor-element-25e2f41\" data-id=\"25e2f41\" data-element_type=\"column\" data-e-type=\"column\">\n\t\t\t<div class=\"elementor-widget-wrap elementor-element-populated\">\n\t\t\t\t\t\t<div class=\"elementor-element elementor-element-014d21d elementor-widget elementor-widget-text-editor\" data-id=\"014d21d\" data-element_type=\"widget\" data-e-type=\"widget\" data-widget_type=\"text-editor.default\">\n\t\t\t\t<div class=\"elementor-widget-container\">\n\t\t\t\t\t\t\t\t\t<p>Erwan Le Berre \u2013 Managing Director, Luxembourg<\/p>\t\t\t\t\t\t\t\t<\/div>\n\t\t\t\t<\/div>\n\t\t\t\t<div class=\"elementor-element elementor-element-481a503 elementor-widget elementor-widget-text-editor\" data-id=\"481a503\" data-element_type=\"widget\" data-e-type=\"widget\" data-widget_type=\"text-editor.default\">\n\t\t\t\t<div class=\"elementor-widget-container\">\n\t\t\t\t\t\t\t\t\t<p>Erwan Le Berre is Head of Avelios Luxembourg and is responsible for the management of our investments. Erwan is also the Managing Director of Group Finance and Luxembourg, for FREO Group, a sister company to Avelios.<\/p><p>Erwan verf\u00fcgt \u00fcber mehr als 15 Jahre Erfahrung in der Strukturierung und Verwaltung von Investitionen und war unter anderem bei KPMG, PwC und Henderson Global Investors t\u00e4tig.<\/p><p>He studied economics and finance at the University of Rennes and qualified as a certified public accountant in both France (expert-comptable diplome) and Luxembourg (reviseur d\u2019entreprises). He is also a member of the Association of Chartered Certified Accountants, pecializing in IFRS, and a member I Royal Institution of Chartered Surveyors.<\/p>\t\t\t\t\t\t\t\t<\/div>\n\t\t\t\t<\/div>\n\t\t\t\t\t<\/div>\n\t\t<\/div>\n\t\t\t\t\t<\/div>\n\t\t<\/section>\n\t\t\t\t<section class=\"elementor-section elementor-top-section elementor-element elementor-element-45f16d8f elementor-section-height-min-height elementor-section-boxed elementor-section-height-default elementor-section-items-middle\" data-id=\"45f16d8f\" data-element_type=\"section\" data-e-type=\"section\" data-settings=\"{&quot;background_background&quot;:&quot;classic&quot;}\">\n\t\t\t\t\t\t\t<div class=\"elementor-background-overlay\"><\/div>\n\t\t\t\t\t\t\t<div class=\"elementor-container elementor-column-gap-default\">\n\t\t\t\t\t<div class=\"elementor-column elementor-col-100 elementor-top-column elementor-element elementor-element-46a92321\" data-id=\"46a92321\" data-element_type=\"column\" data-e-type=\"column\">\n\t\t\t<div class=\"elementor-widget-wrap elementor-element-populated\">\n\t\t\t\t\t\t<div class=\"elementor-element elementor-element-425e580b elementor-widget elementor-widget-heading\" data-id=\"425e580b\" data-element_type=\"widget\" data-e-type=\"widget\" data-widget_type=\"heading.default\">\n\t\t\t\t<div class=\"elementor-widget-container\">\n\t\t\t\t\t<h2 class=\"elementor-heading-title elementor-size-default\">Sie haben Fragen?<\/h2>\t\t\t\t<\/div>\n\t\t\t\t<\/div>\n\t\t\t\t<div class=\"elementor-element elementor-element-3ced7ce3 elementor-align-center elementor-widget elementor-widget-button\" data-id=\"3ced7ce3\" data-element_type=\"widget\" data-e-type=\"widget\" data-widget_type=\"button.default\">\n\t\t\t\t<div class=\"elementor-widget-container\">\n\t\t\t\t\t\t\t\t\t<div class=\"elementor-button-wrapper\">\n\t\t\t\t\t<a class=\"elementor-button elementor-button-link elementor-size-lg\" href=\"https:\/\/www.aveliosgroup.com\/de\/kontakt\/\">\n\t\t\t\t\t\t<span class=\"elementor-button-content-wrapper\">\n\t\t\t\t\t\t\t\t\t<span class=\"elementor-button-text\">Kontakt<\/span>\n\t\t\t\t\t<\/span>\n\t\t\t\t\t<\/a>\n\t\t\t\t<\/div>\n\t\t\t\t\t\t\t\t<\/div>\n\t\t\t\t<\/div>\n\t\t\t\t\t<\/div>\n\t\t<\/div>\n\t\t\t\t\t<\/div>\n\t\t<\/section>\n\t\t\t\t<\/div>","protected":false},"excerpt":{"rendered":"<p>Our Team At Avelios, our team collectively has over 100 years of investment experience and are united by a passion for outstanding service and an entrepreneurial approach to investing Matthias Luecker \u2013 Chairman Matthias Luecker is Chairman and Founder of Avelios, as well as Founder, Chairman and CEO of its sister companies, FREO Group and [&hellip;]<\/p>","protected":false},"author":2,"featured_media":0,"parent":0,"menu_order":0,"comment_status":"closed","ping_status":"closed","template":"","meta":{"footnotes":"","_links_to":"","_links_to_target":""},"class_list":["post-139","page","type-page","status-publish","hentry"],"yoast_head":"<!-- This site is optimized with the Yoast SEO plugin v27.5 - https:\/\/yoast.com\/product\/yoast-seo-wordpress\/ -->\n<title>Our Team - Avelios<\/title>\n<meta name=\"robots\" content=\"index, follow, max-snippet:-1, max-image-preview:large, max-video-preview:-1\" \/>\n<link rel=\"canonical\" href=\"https:\/\/www.aveliosgroup.com\/de\/unser-team\/\" \/>\n<meta property=\"og:locale\" content=\"de_DE\" \/>\n<meta property=\"og:type\" content=\"article\" \/>\n<meta property=\"og:title\" content=\"Our Team - Avelios\" \/>\n<meta property=\"og:description\" content=\"Our Team At Avelios, our team collectively has over 100 years of investment experience and are united by a passion for outstanding service and an entrepreneurial approach to investing Matthias Luecker \u2013 Chairman Matthias Luecker is Chairman and Founder of Avelios, as well as Founder, Chairman and CEO of its sister companies, FREO Group and [&hellip;]\" \/>\n<meta property=\"og:url\" content=\"https:\/\/www.aveliosgroup.com\/de\/unser-team\/\" \/>\n<meta property=\"og:site_name\" content=\"Avelios\" \/>\n<meta property=\"article:modified_time\" content=\"2025-11-11T14:06:04+00:00\" \/>\n<meta property=\"og:image\" content=\"https:\/\/www.aveliosgroup.com\/wp-content\/uploads\/2020\/05\/Matthias-Luecker-Executive-Director.jpg\" \/>\n\t<meta property=\"og:image:width\" content=\"298\" \/>\n\t<meta property=\"og:image:height\" content=\"328\" \/>\n\t<meta property=\"og:image:type\" content=\"image\/jpeg\" \/>\n<meta name=\"twitter:card\" content=\"summary_large_image\" \/>\n<meta name=\"twitter:label1\" content=\"Gesch\u00e4tzte Lesezeit\" \/>\n\t<meta name=\"twitter:data1\" content=\"3\u00a0Minuten\" \/>\n<script type=\"application\/ld+json\" class=\"yoast-schema-graph\">{\"@context\":\"https:\\\/\\\/schema.org\",\"@graph\":[{\"@type\":\"WebPage\",\"@id\":\"https:\\\/\\\/www.aveliosgroup.com\\\/people\\\/\",\"url\":\"https:\\\/\\\/www.aveliosgroup.com\\\/people\\\/\",\"name\":\"Our Team - Avelios\",\"isPartOf\":{\"@id\":\"https:\\\/\\\/www.aveliosgroup.com\\\/#website\"},\"primaryImageOfPage\":{\"@id\":\"https:\\\/\\\/www.aveliosgroup.com\\\/people\\\/#primaryimage\"},\"image\":{\"@id\":\"https:\\\/\\\/www.aveliosgroup.com\\\/people\\\/#primaryimage\"},\"thumbnailUrl\":\"https:\\\/\\\/www.aveliosgroup.com\\\/wp-content\\\/uploads\\\/2020\\\/05\\\/Matthias-Luecker-Executive-Director.jpg\",\"datePublished\":\"2020-05-19T13:17:29+00:00\",\"dateModified\":\"2025-11-11T14:06:04+00:00\",\"breadcrumb\":{\"@id\":\"https:\\\/\\\/www.aveliosgroup.com\\\/people\\\/#breadcrumb\"},\"inLanguage\":\"de\",\"potentialAction\":[{\"@type\":\"ReadAction\",\"target\":[\"https:\\\/\\\/www.aveliosgroup.com\\\/people\\\/\"]}]},{\"@type\":\"ImageObject\",\"inLanguage\":\"de\",\"@id\":\"https:\\\/\\\/www.aveliosgroup.com\\\/people\\\/#primaryimage\",\"url\":\"https:\\\/\\\/www.aveliosgroup.com\\\/wp-content\\\/uploads\\\/2020\\\/05\\\/Matthias-Luecker-Executive-Director.jpg\",\"contentUrl\":\"https:\\\/\\\/www.aveliosgroup.com\\\/wp-content\\\/uploads\\\/2020\\\/05\\\/Matthias-Luecker-Executive-Director.jpg\"},{\"@type\":\"BreadcrumbList\",\"@id\":\"https:\\\/\\\/www.aveliosgroup.com\\\/people\\\/#breadcrumb\",\"itemListElement\":[{\"@type\":\"ListItem\",\"position\":1,\"name\":\"Home\",\"item\":\"https:\\\/\\\/www.aveliosgroup.com\\\/\"},{\"@type\":\"ListItem\",\"position\":2,\"name\":\"Our Team\"}]},{\"@type\":\"WebSite\",\"@id\":\"https:\\\/\\\/www.aveliosgroup.com\\\/#website\",\"url\":\"https:\\\/\\\/www.aveliosgroup.com\\\/\",\"name\":\"Avelios\",\"description\":\"Alternative Investements\",\"potentialAction\":[{\"@type\":\"SearchAction\",\"target\":{\"@type\":\"EntryPoint\",\"urlTemplate\":\"https:\\\/\\\/www.aveliosgroup.com\\\/?s={search_term_string}\"},\"query-input\":{\"@type\":\"PropertyValueSpecification\",\"valueRequired\":true,\"valueName\":\"search_term_string\"}}],\"inLanguage\":\"de\"}]}<\/script>\n<!-- \/ Yoast SEO plugin. -->","yoast_head_json":{"title":"Unser Team - Avelios","robots":{"index":"index","follow":"follow","max-snippet":"max-snippet:-1","max-image-preview":"max-image-preview:large","max-video-preview":"max-video-preview:-1"},"canonical":"https:\/\/www.aveliosgroup.com\/de\/unser-team\/","og_locale":"de_DE","og_type":"article","og_title":"Our Team - Avelios","og_description":"Our Team At Avelios, our team collectively has over 100 years of investment experience and are united by a passion for outstanding service and an entrepreneurial approach to investing Matthias Luecker \u2013 Chairman Matthias Luecker is Chairman and Founder of Avelios, as well as Founder, Chairman and CEO of its sister companies, FREO Group and [&hellip;]","og_url":"https:\/\/www.aveliosgroup.com\/de\/unser-team\/","og_site_name":"Avelios","article_modified_time":"2025-11-11T14:06:04+00:00","og_image":[{"width":298,"height":328,"url":"https:\/\/www.aveliosgroup.com\/wp-content\/uploads\/2020\/05\/Matthias-Luecker-Executive-Director.jpg","type":"image\/jpeg"}],"twitter_card":"summary_large_image","twitter_misc":{"Gesch\u00e4tzte Lesezeit":"3\u00a0Minuten"},"schema":{"@context":"https:\/\/schema.org","@graph":[{"@type":"WebPage","@id":"https:\/\/www.aveliosgroup.com\/people\/","url":"https:\/\/www.aveliosgroup.com\/people\/","name":"Unser Team - Avelios","isPartOf":{"@id":"https:\/\/www.aveliosgroup.com\/#website"},"primaryImageOfPage":{"@id":"https:\/\/www.aveliosgroup.com\/people\/#primaryimage"},"image":{"@id":"https:\/\/www.aveliosgroup.com\/people\/#primaryimage"},"thumbnailUrl":"https:\/\/www.aveliosgroup.com\/wp-content\/uploads\/2020\/05\/Matthias-Luecker-Executive-Director.jpg","datePublished":"2020-05-19T13:17:29+00:00","dateModified":"2025-11-11T14:06:04+00:00","breadcrumb":{"@id":"https:\/\/www.aveliosgroup.com\/people\/#breadcrumb"},"inLanguage":"de","potentialAction":[{"@type":"ReadAction","target":["https:\/\/www.aveliosgroup.com\/people\/"]}]},{"@type":"ImageObject","inLanguage":"de","@id":"https:\/\/www.aveliosgroup.com\/people\/#primaryimage","url":"https:\/\/www.aveliosgroup.com\/wp-content\/uploads\/2020\/05\/Matthias-Luecker-Executive-Director.jpg","contentUrl":"https:\/\/www.aveliosgroup.com\/wp-content\/uploads\/2020\/05\/Matthias-Luecker-Executive-Director.jpg"},{"@type":"BreadcrumbList","@id":"https:\/\/www.aveliosgroup.com\/people\/#breadcrumb","itemListElement":[{"@type":"ListItem","position":1,"name":"Home","item":"https:\/\/www.aveliosgroup.com\/"},{"@type":"ListItem","position":2,"name":"Our Team"}]},{"@type":"WebSite","@id":"https:\/\/www.aveliosgroup.com\/#website","url":"https:\/\/www.aveliosgroup.com\/","name":"Avelios","description":"Alternative Investements","potentialAction":[{"@type":"SearchAction","target":{"@type":"EntryPoint","urlTemplate":"https:\/\/www.aveliosgroup.com\/?s={search_term_string}"},"query-input":{"@type":"PropertyValueSpecification","valueRequired":true,"valueName":"search_term_string"}}],"inLanguage":"de"}]}},"_links":{"self":[{"href":"https:\/\/www.aveliosgroup.com\/de\/wp-json\/wp\/v2\/pages\/139","targetHints":{"allow":["GET"]}}],"collection":[{"href":"https:\/\/www.aveliosgroup.com\/de\/wp-json\/wp\/v2\/pages"}],"about":[{"href":"https:\/\/www.aveliosgroup.com\/de\/wp-json\/wp\/v2\/types\/page"}],"author":[{"embeddable":true,"href":"https:\/\/www.aveliosgroup.com\/de\/wp-json\/wp\/v2\/users\/2"}],"replies":[{"embeddable":true,"href":"https:\/\/www.aveliosgroup.com\/de\/wp-json\/wp\/v2\/comments?post=139"}],"version-history":[{"count":161,"href":"https:\/\/www.aveliosgroup.com\/de\/wp-json\/wp\/v2\/pages\/139\/revisions"}],"predecessor-version":[{"id":1397,"href":"https:\/\/www.aveliosgroup.com\/de\/wp-json\/wp\/v2\/pages\/139\/revisions\/1397"}],"wp:attachment":[{"href":"https:\/\/www.aveliosgroup.com\/de\/wp-json\/wp\/v2\/media?parent=139"}],"curies":[{"name":"wp","href":"https:\/\/api.w.org\/{rel}","templated":true}]}}