{"id":94,"date":"2020-05-19T09:01:28","date_gmt":"2020-05-19T09:01:28","guid":{"rendered":"https:\/\/www.aveliosgroup.com\/?page_id=94"},"modified":"2025-11-06T11:59:20","modified_gmt":"2025-11-06T11:59:20","slug":"about-us","status":"publish","type":"page","link":"https:\/\/www.aveliosgroup.com\/de\/uber-uns\/","title":{"rendered":"\u00dcber uns"},"content":{"rendered":"<div data-elementor-type=\"wp-page\" data-elementor-id=\"94\" class=\"elementor elementor-94\" data-elementor-post-type=\"page\">\n\t\t\t\t\t\t<section class=\"elementor-section elementor-top-section elementor-element elementor-element-d7ffb1b elementor-section-stretched elementor-section-height-min-height elementor-section-content-middle elementor-section-boxed elementor-section-height-default elementor-section-items-middle\" data-id=\"d7ffb1b\" data-element_type=\"section\" data-e-type=\"section\" data-settings=\"{&quot;stretch_section&quot;:&quot;section-stretched&quot;,&quot;background_background&quot;:&quot;classic&quot;}\">\n\t\t\t\t\t\t\t<div class=\"elementor-background-overlay\"><\/div>\n\t\t\t\t\t\t\t<div class=\"elementor-container elementor-column-gap-default\">\n\t\t\t\t\t<div class=\"elementor-column elementor-col-100 elementor-top-column elementor-element elementor-element-373a126c\" data-id=\"373a126c\" data-element_type=\"column\" data-e-type=\"column\">\n\t\t\t<div class=\"elementor-widget-wrap elementor-element-populated\">\n\t\t\t\t\t\t<div class=\"elementor-element elementor-element-4e6d4b5 elementor-widget elementor-widget-heading\" data-id=\"4e6d4b5\" data-element_type=\"widget\" data-e-type=\"widget\" data-widget_type=\"heading.default\">\n\t\t\t\t<div class=\"elementor-widget-container\">\n\t\t\t\t\t<h1 class=\"elementor-heading-title elementor-size-default\">\u00dcber Avelios<\/h1>\t\t\t\t<\/div>\n\t\t\t\t<\/div>\n\t\t\t\t<div class=\"elementor-element elementor-element-92a0c9d elementor-widget-divider--view-line elementor-widget elementor-widget-divider\" data-id=\"92a0c9d\" data-element_type=\"widget\" data-e-type=\"widget\" data-widget_type=\"divider.default\">\n\t\t\t\t<div class=\"elementor-widget-container\">\n\t\t\t\t\t\t\t<div class=\"elementor-divider\">\n\t\t\t<span class=\"elementor-divider-separator\">\n\t\t\t\t\t\t<\/span>\n\t\t<\/div>\n\t\t\t\t\t\t<\/div>\n\t\t\t\t<\/div>\n\t\t\t\t\t<\/div>\n\t\t<\/div>\n\t\t\t\t\t<\/div>\n\t\t<\/section>\n\t\t\t\t<section class=\"elementor-section elementor-top-section elementor-element elementor-element-2c7a635 elementor-section-height-min-height elementor-section-boxed elementor-section-height-default elementor-section-items-middle\" data-id=\"2c7a635\" data-element_type=\"section\" data-e-type=\"section\" data-settings=\"{&quot;background_background&quot;:&quot;classic&quot;}\">\n\t\t\t\t\t\t<div class=\"elementor-container elementor-column-gap-default\">\n\t\t\t\t\t<div class=\"elementor-column elementor-col-100 elementor-top-column elementor-element elementor-element-9495891\" data-id=\"9495891\" data-element_type=\"column\" data-e-type=\"column\">\n\t\t\t<div class=\"elementor-widget-wrap elementor-element-populated\">\n\t\t\t\t\t\t<div class=\"elementor-element elementor-element-506bb72d elementor-widget elementor-widget-heading\" data-id=\"506bb72d\" data-element_type=\"widget\" data-e-type=\"widget\" data-widget_type=\"heading.default\">\n\t\t\t\t<div class=\"elementor-widget-container\">\n\t\t\t\t\t<p class=\"elementor-heading-title elementor-size-default\">\u00dcber 100 Jahre Anlageerfahrung unter einem Dach <\/p>\t\t\t\t<\/div>\n\t\t\t\t<\/div>\n\t\t\t\t\t<\/div>\n\t\t<\/div>\n\t\t\t\t\t<\/div>\n\t\t<\/section>\n\t\t\t\t<section class=\"elementor-section elementor-top-section elementor-element elementor-element-8fbcc38 elementor-section-boxed elementor-section-height-default elementor-section-height-default\" data-id=\"8fbcc38\" data-element_type=\"section\" data-e-type=\"section\" data-settings=\"{&quot;background_background&quot;:&quot;classic&quot;}\">\n\t\t\t\t\t\t<div class=\"elementor-container elementor-column-gap-default\">\n\t\t\t\t\t<div class=\"elementor-column elementor-col-100 elementor-top-column elementor-element elementor-element-2f94361\" data-id=\"2f94361\" data-element_type=\"column\" data-e-type=\"column\">\n\t\t\t<div class=\"elementor-widget-wrap elementor-element-populated\">\n\t\t\t\t\t\t<div class=\"elementor-element elementor-element-606c5e1 elementor-widget elementor-widget-heading\" data-id=\"606c5e1\" data-element_type=\"widget\" data-e-type=\"widget\" data-widget_type=\"heading.default\">\n\t\t\t\t<div class=\"elementor-widget-container\">\n\t\t\t\t\t<h3 class=\"elementor-heading-title elementor-size-default\">Unsere Urspr\u00fcnge<\/h3>\t\t\t\t<\/div>\n\t\t\t\t<\/div>\n\t\t\t\t<div class=\"elementor-element elementor-element-2515c90 elementor-widget elementor-widget-text-editor\" data-id=\"2515c90\" data-element_type=\"widget\" data-e-type=\"widget\" data-widget_type=\"text-editor.default\">\n\t\t\t\t<div class=\"elementor-widget-container\">\n\t\t\t\t\t\t\t\t\t<p>Avelios was founded to provide investors with improved access to high quality alternative investments, with a particular focus on European real estate, data centres, industrials, shipping, and infrastructure.<\/p>\t\t\t\t\t\t\t\t<\/div>\n\t\t\t\t<\/div>\n\t\t\t\t<div class=\"elementor-element elementor-element-131892e1 elementor-widget elementor-widget-text-editor\" data-id=\"131892e1\" data-element_type=\"widget\" data-e-type=\"widget\" data-widget_type=\"text-editor.default\">\n\t\t\t\t<div class=\"elementor-widget-container\">\n\t\t\t\t\t\t\t\t\t<p>Avelios partners with our clients throughout the investment cycle by originating and underwriting potential investment opportunities. Once an investment decision is made, Avelios will structure transactions, manage acquisitions, arrange financing, and then manage assets throughout the envisaged business plan, before securing an optimal exit.<\/p><p>Our team has collectively arranged and managed over 70 investment projects, with a combined value of over \u20ac6 billion. This expertise enables us to provide both capital and liquidity solutions across a breadth of assets and industries.<\/p><p>Unsere Unternehmensphilosophie ist auf den Schutz vor Verm\u00f6gensentwertung durch Inflation ausgerichtet, w\u00e4hrend wir mit dem bereitgestellten Kapital attraktive risikobereinigte Renditen generieren.<\/p><p>Wir erreichen dies, unter anderem durch einen hohen Anteil an Off-Market Transaktionen, welche zu einem attraktiveren Einstiegspreis erworben werden k\u00f6nnen. Das ist insbesondere aufgrund unseres etablierten und tiefgreifenden Netzwerks m\u00f6glich. Dar\u00fcber hinaus nutzen wir einen l\u00f6sungsorientierten Investmentansatz, der die gesamte Kapitalstruktur einer Investition nutzt.<\/p><p>Wir legen gro\u00dfen Wert auf Nachhaltigkeit. \u00d6kologische und soziale Auswirkungen werden bei der Auswahl von Investitionen, bei der Entwicklung von Wirtschaftlichkeitsberechnungen und bei der betrieblichen Umsetzung ber\u00fccksichtigt.<\/p>\t\t\t\t\t\t\t\t<\/div>\n\t\t\t\t<\/div>\n\t\t\t\t<div class=\"elementor-element elementor-element-a613428 elementor-widget__width-auto elementor-widget elementor-widget-counter\" data-id=\"a613428\" data-element_type=\"widget\" data-e-type=\"widget\" data-widget_type=\"counter.default\">\n\t\t\t\t<div class=\"elementor-widget-container\">\n\t\t\t\t\t\t\t<div class=\"elementor-counter\">\n\t\t\t<div class=\"elementor-counter-title\">verwaltete Projekte<\/div>\t\t\t<div class=\"elementor-counter-number-wrapper\">\n\t\t\t\t<span class=\"elementor-counter-number-prefix\"><\/span>\n\t\t\t\t<span class=\"elementor-counter-number\" data-duration=\"2000\" data-to-value=\"70\" data-from-value=\"0\" data-delimiter=\",\">0<\/span>\n\t\t\t\t<span class=\"elementor-counter-number-suffix\">+<\/span>\n\t\t\t<\/div>\n\t\t<\/div>\n\t\t\t\t\t\t<\/div>\n\t\t\t\t<\/div>\n\t\t\t\t<div class=\"elementor-element elementor-element-2f5fe7e elementor-widget__width-auto elementor-widget elementor-widget-counter\" data-id=\"2f5fe7e\" data-element_type=\"widget\" data-e-type=\"widget\" data-widget_type=\"counter.default\">\n\t\t\t\t<div class=\"elementor-widget-container\">\n\t\t\t\t\t\t\t<div class=\"elementor-counter\">\n\t\t\t<div class=\"elementor-counter-title\">kumulierte Verm\u00f6genswerte<\/div>\t\t\t<div class=\"elementor-counter-number-wrapper\">\n\t\t\t\t<span class=\"elementor-counter-number-prefix\">\u20ac<\/span>\n\t\t\t\t<span class=\"elementor-counter-number\" data-duration=\"2000\" data-to-value=\"6\" data-from-value=\"0\" data-delimiter=\",\">0<\/span>\n\t\t\t\t<span class=\"elementor-counter-number-suffix\">Mrd<\/span>\n\t\t\t<\/div>\n\t\t<\/div>\n\t\t\t\t\t\t<\/div>\n\t\t\t\t<\/div>\n\t\t\t\t\t<\/div>\n\t\t<\/div>\n\t\t\t\t\t<\/div>\n\t\t<\/section>\n\t\t\t\t<section class=\"elementor-section elementor-top-section elementor-element elementor-element-3a2fc31c elementor-section-boxed elementor-section-height-default elementor-section-height-default\" data-id=\"3a2fc31c\" data-element_type=\"section\" data-e-type=\"section\" data-settings=\"{&quot;background_background&quot;:&quot;classic&quot;}\">\n\t\t\t\t\t\t<div class=\"elementor-container elementor-column-gap-default\">\n\t\t\t\t\t<div class=\"elementor-column elementor-col-100 elementor-top-column elementor-element elementor-element-32f1a245\" data-id=\"32f1a245\" data-element_type=\"column\" data-e-type=\"column\">\n\t\t\t<div class=\"elementor-widget-wrap elementor-element-populated\">\n\t\t\t\t\t\t<div class=\"elementor-element elementor-element-66d85ed9 elementor-widget elementor-widget-heading\" data-id=\"66d85ed9\" data-element_type=\"widget\" data-e-type=\"widget\" data-widget_type=\"heading.default\">\n\t\t\t\t<div class=\"elementor-widget-container\">\n\t\t\t\t\t<h2 class=\"elementor-heading-title elementor-size-default\">Fallstudien<\/h2>\t\t\t\t<\/div>\n\t\t\t\t<\/div>\n\t\t\t\t<div class=\"elementor-element elementor-element-10a0d66a elementor-widget-divider--view-line elementor-widget elementor-widget-divider\" data-id=\"10a0d66a\" data-element_type=\"widget\" data-e-type=\"widget\" data-widget_type=\"divider.default\">\n\t\t\t\t<div class=\"elementor-widget-container\">\n\t\t\t\t\t\t\t<div class=\"elementor-divider\">\n\t\t\t<span class=\"elementor-divider-separator\">\n\t\t\t\t\t\t<\/span>\n\t\t<\/div>\n\t\t\t\t\t\t<\/div>\n\t\t\t\t<\/div>\n\t\t\t\t<div class=\"elementor-element elementor-element-6dd33156 elementor-posts--align-left elementor-grid-3 elementor-grid-tablet-2 elementor-grid-mobile-1 elementor-posts--thumbnail-top elementor-widget elementor-widget-posts\" data-id=\"6dd33156\" data-element_type=\"widget\" data-e-type=\"widget\" data-settings=\"{&quot;classic_columns&quot;:&quot;3&quot;,&quot;classic_columns_tablet&quot;:&quot;2&quot;,&quot;classic_columns_mobile&quot;:&quot;1&quot;,&quot;classic_row_gap&quot;:{&quot;unit&quot;:&quot;px&quot;,&quot;size&quot;:35,&quot;sizes&quot;:[]},&quot;classic_row_gap_tablet&quot;:{&quot;unit&quot;:&quot;px&quot;,&quot;size&quot;:&quot;&quot;,&quot;sizes&quot;:[]},&quot;classic_row_gap_mobile&quot;:{&quot;unit&quot;:&quot;px&quot;,&quot;size&quot;:&quot;&quot;,&quot;sizes&quot;:[]}}\" data-widget_type=\"posts.classic\">\n\t\t\t\t<div class=\"elementor-widget-container\">\n\t\t\t\t\t\t\t<div class=\"elementor-posts-container elementor-posts elementor-posts--skin-classic elementor-grid\" role=\"list\">\n\t\t\t\t<article class=\"elementor-post elementor-grid-item post-1393 post type-post status-publish format-standard has-post-thumbnail hentry category-insights tag-case-study\" role=\"listitem\">\n\t\t\t\t<a class=\"elementor-post__thumbnail__link\" href=\"https:\/\/www.aveliosgroup.com\/de\/insights\/avelios-project-german-data-centre\/\" tabindex=\"-1\" >\n\t\t\t<div class=\"elementor-post__thumbnail\"><img fetchpriority=\"high\" decoding=\"async\" width=\"225\" height=\"300\" src=\"https:\/\/www.aveliosgroup.com\/wp-content\/uploads\/2025\/11\/Data-centre-image-225x300.jpg\" class=\"attachment-medium size-medium wp-image-1405\" alt=\"\" srcset=\"https:\/\/www.aveliosgroup.com\/wp-content\/uploads\/2025\/11\/Data-centre-image-225x300.jpg 225w, https:\/\/www.aveliosgroup.com\/wp-content\/uploads\/2025\/11\/Data-centre-image-768x1024.jpg 768w, https:\/\/www.aveliosgroup.com\/wp-content\/uploads\/2025\/11\/Data-centre-image-1152x1536.jpg 1152w, https:\/\/www.aveliosgroup.com\/wp-content\/uploads\/2025\/11\/Data-centre-image-1536x2048.jpg 1536w, https:\/\/www.aveliosgroup.com\/wp-content\/uploads\/2025\/11\/Data-centre-image-9x12.jpg 9w, https:\/\/www.aveliosgroup.com\/wp-content\/uploads\/2025\/11\/Data-centre-image-scaled.jpg 1920w\" sizes=\"(max-width: 225px) 100vw, 225px\" \/><\/div>\n\t\t<\/a>\n\t\t\t\t<div class=\"elementor-post__text\">\n\t\t\t\t<h3 class=\"elementor-post__title\">\n\t\t\t<a href=\"https:\/\/www.aveliosgroup.com\/de\/insights\/avelios-project-german-data-centre\/\" >\n\t\t\t\tAvelios Project &#8211; German Data Centre\t\t\t<\/a>\n\t\t<\/h3>\n\t\t\t\t<\/div>\n\t\t\t\t<\/article>\n\t\t\t\t<article class=\"elementor-post elementor-grid-item post-1391 post type-post status-publish format-standard has-post-thumbnail hentry category-insights tag-case-study\" role=\"listitem\">\n\t\t\t\t<a class=\"elementor-post__thumbnail__link\" href=\"https:\/\/www.aveliosgroup.com\/de\/insights\/acquisition-of-norwegian-infrastructure-supply-firm\/\" tabindex=\"-1\" >\n\t\t\t<div class=\"elementor-post__thumbnail\"><img decoding=\"async\" width=\"300\" height=\"225\" src=\"https:\/\/www.aveliosgroup.com\/wp-content\/uploads\/2025\/09\/IMG-20250928-WA0005-crop-300x225.jpg\" class=\"attachment-medium size-medium wp-image-1407\" alt=\"\" srcset=\"https:\/\/www.aveliosgroup.com\/wp-content\/uploads\/2025\/09\/IMG-20250928-WA0005-crop-300x225.jpg 300w, https:\/\/www.aveliosgroup.com\/wp-content\/uploads\/2025\/09\/IMG-20250928-WA0005-crop-1024x768.jpg 1024w, https:\/\/www.aveliosgroup.com\/wp-content\/uploads\/2025\/09\/IMG-20250928-WA0005-crop-768x576.jpg 768w, https:\/\/www.aveliosgroup.com\/wp-content\/uploads\/2025\/09\/IMG-20250928-WA0005-crop-16x12.jpg 16w, https:\/\/www.aveliosgroup.com\/wp-content\/uploads\/2025\/09\/IMG-20250928-WA0005-crop.jpg 1200w\" sizes=\"(max-width: 300px) 100vw, 300px\" \/><\/div>\n\t\t<\/a>\n\t\t\t\t<div class=\"elementor-post__text\">\n\t\t\t\t<h3 class=\"elementor-post__title\">\n\t\t\t<a href=\"https:\/\/www.aveliosgroup.com\/de\/insights\/acquisition-of-norwegian-infrastructure-supply-firm\/\" >\n\t\t\t\tAvelios Project \u2013 Acquisition of Norwegian Infrastructure Supply Firm\t\t\t<\/a>\n\t\t<\/h3>\n\t\t\t\t<\/div>\n\t\t\t\t<\/article>\n\t\t\t\t<article class=\"elementor-post elementor-grid-item post-1389 post type-post status-publish format-standard has-post-thumbnail hentry category-insights tag-case-study\" role=\"listitem\">\n\t\t\t\t<a class=\"elementor-post__thumbnail__link\" href=\"https:\/\/www.aveliosgroup.com\/de\/insights\/bridge-loan-to-uk-mining-business\/\" tabindex=\"-1\" >\n\t\t\t<div class=\"elementor-post__thumbnail\"><img decoding=\"async\" width=\"300\" height=\"200\" src=\"https:\/\/www.aveliosgroup.com\/wp-content\/uploads\/2025\/09\/pexels-inayatullah-23540605-300x200.jpg\" class=\"attachment-medium size-medium wp-image-1404\" alt=\"Mining\" srcset=\"https:\/\/www.aveliosgroup.com\/wp-content\/uploads\/2025\/09\/pexels-inayatullah-23540605-300x200.jpg 300w, https:\/\/www.aveliosgroup.com\/wp-content\/uploads\/2025\/09\/pexels-inayatullah-23540605-1024x682.jpg 1024w, https:\/\/www.aveliosgroup.com\/wp-content\/uploads\/2025\/09\/pexels-inayatullah-23540605-768x512.jpg 768w, https:\/\/www.aveliosgroup.com\/wp-content\/uploads\/2025\/09\/pexels-inayatullah-23540605-1536x1024.jpg 1536w, https:\/\/www.aveliosgroup.com\/wp-content\/uploads\/2025\/09\/pexels-inayatullah-23540605-18x12.jpg 18w, https:\/\/www.aveliosgroup.com\/wp-content\/uploads\/2025\/09\/pexels-inayatullah-23540605.jpg 2000w\" sizes=\"(max-width: 300px) 100vw, 300px\" \/><\/div>\n\t\t<\/a>\n\t\t\t\t<div class=\"elementor-post__text\">\n\t\t\t\t<h3 class=\"elementor-post__title\">\n\t\t\t<a href=\"https:\/\/www.aveliosgroup.com\/de\/insights\/bridge-loan-to-uk-mining-business\/\" >\n\t\t\t\tAvelios Project \u2013 Bridge Loan to UK Mining Business\t\t\t<\/a>\n\t\t<\/h3>\n\t\t\t\t<\/div>\n\t\t\t\t<\/article>\n\t\t\t\t<\/div>\n\t\t\n\t\t\t\t\t\t<\/div>\n\t\t\t\t<\/div>\n\t\t\t\t<div class=\"elementor-element elementor-element-3dab1884 elementor-align-center elementor-widget elementor-widget-button\" data-id=\"3dab1884\" data-element_type=\"widget\" data-e-type=\"widget\" data-widget_type=\"button.default\">\n\t\t\t\t<div class=\"elementor-widget-container\">\n\t\t\t\t\t\t\t\t\t<div class=\"elementor-button-wrapper\">\n\t\t\t\t\t<a class=\"elementor-button elementor-button-link elementor-size-lg\" href=\"https:\/\/www.aveliosgroup.com\/de\/fallstudien\/\">\n\t\t\t\t\t\t<span class=\"elementor-button-content-wrapper\">\n\t\t\t\t\t\t\t\t\t<span class=\"elementor-button-text\">Alle anzeigen<\/span>\n\t\t\t\t\t<\/span>\n\t\t\t\t\t<\/a>\n\t\t\t\t<\/div>\n\t\t\t\t\t\t\t\t<\/div>\n\t\t\t\t<\/div>\n\t\t\t\t\t<\/div>\n\t\t<\/div>\n\t\t\t\t\t<\/div>\n\t\t<\/section>\n\t\t\t\t<\/div>","protected":false},"excerpt":{"rendered":"<p>About Avelios Over 100 years of investment experience under one roof Our Origins Avelios was founded to provide investors with improved access to high quality<\/p>","protected":false},"author":2,"featured_media":0,"parent":0,"menu_order":0,"comment_status":"closed","ping_status":"closed","template":"","meta":{"footnotes":"","_links_to":"","_links_to_target":""},"class_list":["post-94","page","type-page","status-publish","hentry"],"yoast_head":"<!-- This site is optimized with the Yoast SEO plugin v27.3 - https:\/\/yoast.com\/product\/yoast-seo-wordpress\/ -->\n<title>About us - Avelios<\/title>\n<meta name=\"robots\" content=\"index, follow, max-snippet:-1, max-image-preview:large, max-video-preview:-1\" \/>\n<link rel=\"canonical\" href=\"https:\/\/www.aveliosgroup.com\/de\/uber-uns\/\" \/>\n<meta property=\"og:locale\" content=\"de_DE\" \/>\n<meta property=\"og:type\" content=\"article\" \/>\n<meta property=\"og:title\" content=\"About us - Avelios\" \/>\n<meta property=\"og:description\" content=\"About Avelios Over 100 years of investment experience under one roof Our Origins Avelios was founded to provide investors with improved access to high quality\" \/>\n<meta property=\"og:url\" content=\"https:\/\/www.aveliosgroup.com\/de\/uber-uns\/\" \/>\n<meta property=\"og:site_name\" content=\"Avelios\" \/>\n<meta property=\"article:modified_time\" content=\"2025-11-06T11:59:20+00:00\" \/>\n<meta name=\"twitter:card\" content=\"summary_large_image\" \/>\n<meta name=\"twitter:label1\" content=\"Gesch\u00e4tzte Lesezeit\" \/>\n\t<meta name=\"twitter:data1\" content=\"2\u00a0Minuten\" \/>\n<script type=\"application\/ld+json\" class=\"yoast-schema-graph\">{\"@context\":\"https:\\\/\\\/schema.org\",\"@graph\":[{\"@type\":\"WebPage\",\"@id\":\"https:\\\/\\\/www.aveliosgroup.com\\\/about-us\\\/\",\"url\":\"https:\\\/\\\/www.aveliosgroup.com\\\/about-us\\\/\",\"name\":\"About us - Avelios\",\"isPartOf\":{\"@id\":\"https:\\\/\\\/www.aveliosgroup.com\\\/#website\"},\"datePublished\":\"2020-05-19T09:01:28+00:00\",\"dateModified\":\"2025-11-06T11:59:20+00:00\",\"breadcrumb\":{\"@id\":\"https:\\\/\\\/www.aveliosgroup.com\\\/about-us\\\/#breadcrumb\"},\"inLanguage\":\"de\",\"potentialAction\":[{\"@type\":\"ReadAction\",\"target\":[\"https:\\\/\\\/www.aveliosgroup.com\\\/about-us\\\/\"]}]},{\"@type\":\"BreadcrumbList\",\"@id\":\"https:\\\/\\\/www.aveliosgroup.com\\\/about-us\\\/#breadcrumb\",\"itemListElement\":[{\"@type\":\"ListItem\",\"position\":1,\"name\":\"Home\",\"item\":\"https:\\\/\\\/www.aveliosgroup.com\\\/\"},{\"@type\":\"ListItem\",\"position\":2,\"name\":\"About us\"}]},{\"@type\":\"WebSite\",\"@id\":\"https:\\\/\\\/www.aveliosgroup.com\\\/#website\",\"url\":\"https:\\\/\\\/www.aveliosgroup.com\\\/\",\"name\":\"Avelios\",\"description\":\"Alternative Investements\",\"potentialAction\":[{\"@type\":\"SearchAction\",\"target\":{\"@type\":\"EntryPoint\",\"urlTemplate\":\"https:\\\/\\\/www.aveliosgroup.com\\\/?s={search_term_string}\"},\"query-input\":{\"@type\":\"PropertyValueSpecification\",\"valueRequired\":true,\"valueName\":\"search_term_string\"}}],\"inLanguage\":\"de\"}]}<\/script>\n<!-- \/ Yoast SEO plugin. -->","yoast_head_json":{"title":"\u00dcber uns - Avelios","robots":{"index":"index","follow":"follow","max-snippet":"max-snippet:-1","max-image-preview":"max-image-preview:large","max-video-preview":"max-video-preview:-1"},"canonical":"https:\/\/www.aveliosgroup.com\/de\/uber-uns\/","og_locale":"de_DE","og_type":"article","og_title":"About us - Avelios","og_description":"About Avelios Over 100 years of investment experience under one roof Our Origins Avelios was founded to provide investors with improved access to high quality","og_url":"https:\/\/www.aveliosgroup.com\/de\/uber-uns\/","og_site_name":"Avelios","article_modified_time":"2025-11-06T11:59:20+00:00","twitter_card":"summary_large_image","twitter_misc":{"Gesch\u00e4tzte Lesezeit":"2\u00a0Minuten"},"schema":{"@context":"https:\/\/schema.org","@graph":[{"@type":"WebPage","@id":"https:\/\/www.aveliosgroup.com\/about-us\/","url":"https:\/\/www.aveliosgroup.com\/about-us\/","name":"\u00dcber uns - Avelios","isPartOf":{"@id":"https:\/\/www.aveliosgroup.com\/#website"},"datePublished":"2020-05-19T09:01:28+00:00","dateModified":"2025-11-06T11:59:20+00:00","breadcrumb":{"@id":"https:\/\/www.aveliosgroup.com\/about-us\/#breadcrumb"},"inLanguage":"de","potentialAction":[{"@type":"ReadAction","target":["https:\/\/www.aveliosgroup.com\/about-us\/"]}]},{"@type":"BreadcrumbList","@id":"https:\/\/www.aveliosgroup.com\/about-us\/#breadcrumb","itemListElement":[{"@type":"ListItem","position":1,"name":"Home","item":"https:\/\/www.aveliosgroup.com\/"},{"@type":"ListItem","position":2,"name":"About us"}]},{"@type":"WebSite","@id":"https:\/\/www.aveliosgroup.com\/#website","url":"https:\/\/www.aveliosgroup.com\/","name":"Avelios","description":"Alternative Investements","potentialAction":[{"@type":"SearchAction","target":{"@type":"EntryPoint","urlTemplate":"https:\/\/www.aveliosgroup.com\/?s={search_term_string}"},"query-input":{"@type":"PropertyValueSpecification","valueRequired":true,"valueName":"search_term_string"}}],"inLanguage":"de"}]}},"_links":{"self":[{"href":"https:\/\/www.aveliosgroup.com\/de\/wp-json\/wp\/v2\/pages\/94","targetHints":{"allow":["GET"]}}],"collection":[{"href":"https:\/\/www.aveliosgroup.com\/de\/wp-json\/wp\/v2\/pages"}],"about":[{"href":"https:\/\/www.aveliosgroup.com\/de\/wp-json\/wp\/v2\/types\/page"}],"author":[{"embeddable":true,"href":"https:\/\/www.aveliosgroup.com\/de\/wp-json\/wp\/v2\/users\/2"}],"replies":[{"embeddable":true,"href":"https:\/\/www.aveliosgroup.com\/de\/wp-json\/wp\/v2\/comments?post=94"}],"version-history":[{"count":67,"href":"https:\/\/www.aveliosgroup.com\/de\/wp-json\/wp\/v2\/pages\/94\/revisions"}],"predecessor-version":[{"id":1377,"href":"https:\/\/www.aveliosgroup.com\/de\/wp-json\/wp\/v2\/pages\/94\/revisions\/1377"}],"wp:attachment":[{"href":"https:\/\/www.aveliosgroup.com\/de\/wp-json\/wp\/v2\/media?parent=94"}],"curies":[{"name":"wp","href":"https:\/\/api.w.org\/{rel}","templated":true}]}}